{"id":8,"date":"2024-03-27T14:11:26","date_gmt":"2024-03-27T13:11:26","guid":{"rendered":"https:\/\/www.parlbutiker.se\/?page_id=8"},"modified":"2024-03-27T14:14:11","modified_gmt":"2024-03-27T13:14:11","slug":"parlbutiker","status":"publish","type":"page","link":"https:\/\/www.parlbutiker.se\/","title":{"rendered":"P\u00e4rlbutiker"},"content":{"rendered":"\n<figure class=\"wp-block-image size-large\"><img loading=\"lazy\" decoding=\"async\" width=\"1024\" height=\"341\" src=\"https:\/\/www.parlbutiker.se\/wp-content\/uploads\/2024\/03\/parlbutiker-1024x341.jpg\" alt=\"p\u00e4rlbutiker\" class=\"wp-image-9\" srcset=\"https:\/\/www.parlbutiker.se\/wp-content\/uploads\/2024\/03\/parlbutiker-1024x341.jpg 1024w, https:\/\/www.parlbutiker.se\/wp-content\/uploads\/2024\/03\/parlbutiker-300x100.jpg 300w, https:\/\/www.parlbutiker.se\/wp-content\/uploads\/2024\/03\/parlbutiker-768x256.jpg 768w, https:\/\/www.parlbutiker.se\/wp-content\/uploads\/2024\/03\/parlbutiker-1536x512.jpg 1536w, https:\/\/www.parlbutiker.se\/wp-content\/uploads\/2024\/03\/parlbutiker-2048x683.jpg 2048w\" sizes=\"(max-width: 1024px) 100vw, 1024px\" \/><\/figure>\n\n\n\n<p>I dagens samh\u00e4lle finns det en m\u00e4ngd olika butiker och aff\u00e4rer som erbjuder olika typer av smycken. En typ av butik som har en l\u00e5ng historia och som fortfarande \u00e4r popul\u00e4r \u00e4r <a href=\"https:\/\/www.hilmaspyssel.se\/\">p\u00e4rlbutiker<\/a>. I en p\u00e4rlbutik kan man hitta ett brett utbud av p\u00e4rlor och smyckesmaterial f\u00f6r att skapa vackra och personliga smycken.<br><br>P\u00e4rlor har anv\u00e4nts som smycken i tusentals \u00e5r och har en stor symbolisk betydelse i m\u00e5nga kulturer runt om i v\u00e4rlden. P\u00e4rlor har ofta f\u00f6rknippats med sk\u00f6nhet, rikedom och lyx och har anv\u00e4nts f\u00f6r att skapa vackra och dekorativa smycken. Idag finns det en m\u00e4ngd olika p\u00e4rlor att v\u00e4lja mellan, b\u00e5de naturliga och konstgjorda, i olika f\u00e4rger och former.<br><br>I en p\u00e4rlbutik kan man hitta allt man beh\u00f6ver f\u00f6r att skapa egna smycken med p\u00e4rlor. Det kan vara p\u00e4rlor i olika material som glas, sten, tr\u00e4 eller metall, tr\u00e5d och verktyg f\u00f6r att skapa smycken, samt olika typer av f\u00e4sten och l\u00e5s f\u00f6r att f\u00e4rdigst\u00e4lla smyckena. M\u00e5nga p\u00e4rlbutiker erbjuder \u00e4ven f\u00e4rdiga smycken till f\u00f6rs\u00e4ljning f\u00f6r de som inte vill eller kan skapa sina egna smycken.<br><br>Att skapa egna smycken \u00e4r en popul\u00e4r hobby och m\u00e5nga m\u00e4nniskor tycker om att vara kreativa och skapa unika och personliga smycken. I en p\u00e4rlbutik kan man hitta inspiration och material f\u00f6r att skapa smycken som passar ens egen stil och personliga smak. Det kan vara allt fr\u00e5n enkla armband och \u00f6rh\u00e4ngen till mer avancerade halsband och tiaror.<br><br>En f\u00f6rdel med att handla p\u00e4rlor och <a href=\"https:\/\/www.hilmaspyssel.se\/\">smyckesmaterial<\/a> i en specialiserad p\u00e4rlbutik \u00e4r att man ofta f\u00e5r personlig service och r\u00e5dgivning av kunnig personal. Personalen i en p\u00e4rlbutik har ofta stor kunskap om p\u00e4rlor och smyckestillverkning och kan ge tips och r\u00e5d om materialval, tekniker och design. Det kan vara till stor hj\u00e4lp f\u00f6r den som \u00e4r nyb\u00f6rjare inom smyckestillverkning och vill l\u00e4ra sig mer.<br><br>En annan f\u00f6rdel med att handla i en <a href=\"https:\/\/www.hilmaspyssel.se\/\">p\u00e4rlbutik<\/a> \u00e4r att man kan hitta unika och ovanliga p\u00e4rlor som inte finns att k\u00f6pa i vanliga smyckesbutiker. M\u00e5nga p\u00e4rlbutiker erbjuder ett stort utbud av olika p\u00e4rlor fr\u00e5n olika delar av v\u00e4rlden och fr\u00e5n olika tider. Det kan vara allt fr\u00e5n antika p\u00e4rlor fr\u00e5n romartiden till moderna och trendiga p\u00e4rlor fr\u00e5n Asien eller Afrika.<br><br>Det finns ocks\u00e5 p\u00e4rlbutiker som erbjuder kurser och workshops inom smyckestillverkning f\u00f6r den som vill l\u00e4ra sig mer och utveckla sina kunskaper. P\u00e5 en kurs kan man l\u00e4ra sig olika tekniker och metoder f\u00f6r att skapa smycken med p\u00e4rlor, tr\u00e4ffa andra likasinnade och f\u00e5 inspiration och tips fr\u00e5n erfarna instrukt\u00f6rer. Det kan vara en rolig och l\u00e4rorik upplevelse f\u00f6r den som \u00e4r intresserad av att skapa egna smycken.<br><br>Sammanfattningsvis \u00e4r p\u00e4rlbutiker en viktig del av smyckeindustrin och erbjuder ett brett utbud av p\u00e4rlor och smyckesmaterial f\u00f6r den som \u00e4r intresserad av att skapa egna smycken. Att handla i en p\u00e4rlbutik ger m\u00f6jlighet att hitta unika och ovanliga p\u00e4rlor, f\u00e5 personlig service och r\u00e5dgivning samt delta i kurser och workshops f\u00f6r att utveckla sina kunskaper. F\u00f6r den som \u00e4lskar att vara kreativ och skapa vackra smycken \u00e4r en dag p\u00e5 en p\u00e4rlbutik en verklig p\u00e4rla i tillvaron.\u00a0<\/p>\n","protected":false},"excerpt":{"rendered":"<p>I dagens samh\u00e4lle finns det en m\u00e4ngd olika butiker och aff\u00e4rer som erbjuder olika typer av smycken. En typ av butik som har en l\u00e5ng historia och som fortfarande \u00e4r popul\u00e4r \u00e4r p\u00e4rlbutiker. I en p\u00e4rlbutik kan man hitta ett brett utbud av p\u00e4rlor och smyckesmaterial f\u00f6r att skapa vackra och personliga smycken. P\u00e4rlor har [&hellip;]<\/p>\n","protected":false},"author":1,"featured_media":0,"parent":0,"menu_order":0,"comment_status":"closed","ping_status":"closed","template":"","meta":{"_monsterinsights_skip_tracking":false,"_monsterinsights_sitenote_active":false,"_monsterinsights_sitenote_note":"","_monsterinsights_sitenote_category":0,"footnotes":""},"yoast_head":"<!-- This site is optimized with the Yoast SEO plugin v22.3 - https:\/\/yoast.com\/wordpress\/plugins\/seo\/ -->\n<title>P\u00e4rlbutiker - P\u00e4rlbutiker<\/title>\n<meta name=\"robots\" content=\"index, follow, max-snippet:-1, max-image-preview:large, max-video-preview:-1\" \/>\n<link rel=\"canonical\" href=\"https:\/\/www.parlbutiker.se\/\" \/>\n<meta property=\"og:locale\" content=\"sv_SE\" \/>\n<meta property=\"og:type\" content=\"article\" \/>\n<meta property=\"og:title\" content=\"P\u00e4rlbutiker - P\u00e4rlbutiker\" \/>\n<meta property=\"og:description\" content=\"I dagens samh\u00e4lle finns det en m\u00e4ngd olika butiker och aff\u00e4rer som erbjuder olika typer av smycken. En typ av butik som har en l\u00e5ng historia och som fortfarande \u00e4r popul\u00e4r \u00e4r p\u00e4rlbutiker. I en p\u00e4rlbutik kan man hitta ett brett utbud av p\u00e4rlor och smyckesmaterial f\u00f6r att skapa vackra och personliga smycken. P\u00e4rlor har [&hellip;]\" \/>\n<meta property=\"og:url\" content=\"https:\/\/www.parlbutiker.se\/\" \/>\n<meta property=\"og:site_name\" content=\"P\u00e4rlbutiker\" \/>\n<meta property=\"article:modified_time\" content=\"2024-03-27T13:14:11+00:00\" \/>\n<meta property=\"og:image\" content=\"https:\/\/www.parlbutiker.se\/wp-content\/uploads\/2024\/03\/parlbutiker-1024x341.jpg\" \/>\n<meta name=\"twitter:card\" content=\"summary_large_image\" \/>\n<meta name=\"twitter:label1\" content=\"Ber\u00e4knad l\u00e4stid\" \/>\n\t<meta name=\"twitter:data1\" content=\"3 minuter\" \/>\n<script type=\"application\/ld+json\" class=\"yoast-schema-graph\">{\"@context\":\"https:\/\/schema.org\",\"@graph\":[{\"@type\":\"WebPage\",\"@id\":\"https:\/\/www.parlbutiker.se\/\",\"url\":\"https:\/\/www.parlbutiker.se\/\",\"name\":\"P\u00e4rlbutiker - P\u00e4rlbutiker\",\"isPartOf\":{\"@id\":\"https:\/\/www.parlbutiker.se\/#website\"},\"primaryImageOfPage\":{\"@id\":\"https:\/\/www.parlbutiker.se\/#primaryimage\"},\"image\":{\"@id\":\"https:\/\/www.parlbutiker.se\/#primaryimage\"},\"thumbnailUrl\":\"https:\/\/www.parlbutiker.se\/wp-content\/uploads\/2024\/03\/parlbutiker-1024x341.jpg\",\"datePublished\":\"2024-03-27T13:11:26+00:00\",\"dateModified\":\"2024-03-27T13:14:11+00:00\",\"breadcrumb\":{\"@id\":\"https:\/\/www.parlbutiker.se\/#breadcrumb\"},\"inLanguage\":\"sv-SE\",\"potentialAction\":[{\"@type\":\"ReadAction\",\"target\":[\"https:\/\/www.parlbutiker.se\/\"]}]},{\"@type\":\"ImageObject\",\"inLanguage\":\"sv-SE\",\"@id\":\"https:\/\/www.parlbutiker.se\/#primaryimage\",\"url\":\"https:\/\/www.parlbutiker.se\/wp-content\/uploads\/2024\/03\/parlbutiker-scaled.jpg\",\"contentUrl\":\"https:\/\/www.parlbutiker.se\/wp-content\/uploads\/2024\/03\/parlbutiker-scaled.jpg\",\"width\":2560,\"height\":853},{\"@type\":\"BreadcrumbList\",\"@id\":\"https:\/\/www.parlbutiker.se\/#breadcrumb\",\"itemListElement\":[{\"@type\":\"ListItem\",\"position\":1,\"name\":\"Home\",\"item\":\"https:\/\/www.parlbutiker.se\/\"},{\"@type\":\"ListItem\",\"position\":2,\"name\":\"P\u00e4rlbutiker\"}]},{\"@type\":\"WebSite\",\"@id\":\"https:\/\/www.parlbutiker.se\/#website\",\"url\":\"https:\/\/www.parlbutiker.se\/\",\"name\":\"P\u00e4rlbutiker\",\"description\":\"\",\"potentialAction\":[{\"@type\":\"SearchAction\",\"target\":{\"@type\":\"EntryPoint\",\"urlTemplate\":\"https:\/\/www.parlbutiker.se\/?s={search_term_string}\"},\"query-input\":\"required name=search_term_string\"}],\"inLanguage\":\"sv-SE\"}]}<\/script>\n<!-- \/ Yoast SEO plugin. -->","yoast_head_json":{"title":"P\u00e4rlbutiker - P\u00e4rlbutiker","robots":{"index":"index","follow":"follow","max-snippet":"max-snippet:-1","max-image-preview":"max-image-preview:large","max-video-preview":"max-video-preview:-1"},"canonical":"https:\/\/www.parlbutiker.se\/","og_locale":"sv_SE","og_type":"article","og_title":"P\u00e4rlbutiker - P\u00e4rlbutiker","og_description":"I dagens samh\u00e4lle finns det en m\u00e4ngd olika butiker och aff\u00e4rer som erbjuder olika typer av smycken. En typ av butik som har en l\u00e5ng historia och som fortfarande \u00e4r popul\u00e4r \u00e4r p\u00e4rlbutiker. I en p\u00e4rlbutik kan man hitta ett brett utbud av p\u00e4rlor och smyckesmaterial f\u00f6r att skapa vackra och personliga smycken. P\u00e4rlor har [&hellip;]","og_url":"https:\/\/www.parlbutiker.se\/","og_site_name":"P\u00e4rlbutiker","article_modified_time":"2024-03-27T13:14:11+00:00","og_image":[{"url":"https:\/\/www.parlbutiker.se\/wp-content\/uploads\/2024\/03\/parlbutiker-1024x341.jpg"}],"twitter_card":"summary_large_image","twitter_misc":{"Ber\u00e4knad l\u00e4stid":"3 minuter"},"schema":{"@context":"https:\/\/schema.org","@graph":[{"@type":"WebPage","@id":"https:\/\/www.parlbutiker.se\/","url":"https:\/\/www.parlbutiker.se\/","name":"P\u00e4rlbutiker - P\u00e4rlbutiker","isPartOf":{"@id":"https:\/\/www.parlbutiker.se\/#website"},"primaryImageOfPage":{"@id":"https:\/\/www.parlbutiker.se\/#primaryimage"},"image":{"@id":"https:\/\/www.parlbutiker.se\/#primaryimage"},"thumbnailUrl":"https:\/\/www.parlbutiker.se\/wp-content\/uploads\/2024\/03\/parlbutiker-1024x341.jpg","datePublished":"2024-03-27T13:11:26+00:00","dateModified":"2024-03-27T13:14:11+00:00","breadcrumb":{"@id":"https:\/\/www.parlbutiker.se\/#breadcrumb"},"inLanguage":"sv-SE","potentialAction":[{"@type":"ReadAction","target":["https:\/\/www.parlbutiker.se\/"]}]},{"@type":"ImageObject","inLanguage":"sv-SE","@id":"https:\/\/www.parlbutiker.se\/#primaryimage","url":"https:\/\/www.parlbutiker.se\/wp-content\/uploads\/2024\/03\/parlbutiker-scaled.jpg","contentUrl":"https:\/\/www.parlbutiker.se\/wp-content\/uploads\/2024\/03\/parlbutiker-scaled.jpg","width":2560,"height":853},{"@type":"BreadcrumbList","@id":"https:\/\/www.parlbutiker.se\/#breadcrumb","itemListElement":[{"@type":"ListItem","position":1,"name":"Home","item":"https:\/\/www.parlbutiker.se\/"},{"@type":"ListItem","position":2,"name":"P\u00e4rlbutiker"}]},{"@type":"WebSite","@id":"https:\/\/www.parlbutiker.se\/#website","url":"https:\/\/www.parlbutiker.se\/","name":"P\u00e4rlbutiker","description":"","potentialAction":[{"@type":"SearchAction","target":{"@type":"EntryPoint","urlTemplate":"https:\/\/www.parlbutiker.se\/?s={search_term_string}"},"query-input":"required name=search_term_string"}],"inLanguage":"sv-SE"}]}},"_links":{"self":[{"href":"https:\/\/www.parlbutiker.se\/index.php?rest_route=\/wp\/v2\/pages\/8"}],"collection":[{"href":"https:\/\/www.parlbutiker.se\/index.php?rest_route=\/wp\/v2\/pages"}],"about":[{"href":"https:\/\/www.parlbutiker.se\/index.php?rest_route=\/wp\/v2\/types\/page"}],"author":[{"embeddable":true,"href":"https:\/\/www.parlbutiker.se\/index.php?rest_route=\/wp\/v2\/users\/1"}],"replies":[{"embeddable":true,"href":"https:\/\/www.parlbutiker.se\/index.php?rest_route=%2Fwp%2Fv2%2Fcomments&post=8"}],"version-history":[{"count":3,"href":"https:\/\/www.parlbutiker.se\/index.php?rest_route=\/wp\/v2\/pages\/8\/revisions"}],"predecessor-version":[{"id":12,"href":"https:\/\/www.parlbutiker.se\/index.php?rest_route=\/wp\/v2\/pages\/8\/revisions\/12"}],"wp:attachment":[{"href":"https:\/\/www.parlbutiker.se\/index.php?rest_route=%2Fwp%2Fv2%2Fmedia&parent=8"}],"curies":[{"name":"wp","href":"https:\/\/api.w.org\/{rel}","templated":true}]}}